{"id":178,"date":"2021-01-29T22:01:41","date_gmt":"2021-01-29T21:01:41","guid":{"rendered":"http:\/\/rhs-abi97.de\/?page_id=178"},"modified":"2021-01-29T22:01:58","modified_gmt":"2021-01-29T21:01:58","slug":"impressum-disclaimer","status":"publish","type":"page","link":"https:\/\/wittor.net\/index.php\/impressum-disclaimer\/","title":{"rendered":"Impressum\/Disclaimer"},"content":{"rendered":"\n<h3 class=\"wp-block-heading\">Betreiber der Website<\/h3>\n\n\n\n<p>Matthias Wittor<br>Kr\u00e4henweg 13<br>71120 Grafenau<br><a href=\"http:\/\/rhs-abi97.de\/index.php\/kontakt\/\">Kontakt<\/a><\/p>\n\n\n\n<h3 class=\"wp-block-heading\">Haftungsausschluss<\/h3>\n\n\n\n<p>Der Inhalt dieser Webseite wurde mit gr\u00f6\u00dfter Sorgfalt, nach bestem Wissen und Gewissen erstellt. Als Anbieter dieser Webseite \u00fcbernehmen wir keine Haftung f\u00fcr Vollst\u00e4ndigkeit, Richtigkeit, Aktualit\u00e4t oder Verl\u00e4sslichkeit der bereitgestellten Inhalte. Wir stellen die Inhalte auf der Webseite zum Abruf bereit. F\u00fcr die Brauchbarkeit der Inhalte \u00fcbernehmen wir keine Gew\u00e4hr. Inhalte mit namentlich genannten Autoren sind die Meinung des Autors, aber nicht zwingend die Meinung des Anbieters.<\/p>\n\n\n\n<h3 class=\"wp-block-heading\">Urheberrechte \/ Creative Commons<\/h3>\n\n\n\n<p>Inhalte auf unserer Webseite sind urheberrechtlich gesch\u00fctzt. Eine Verwertung unserer Inhalte bedarf unserer ausdr\u00fccklichen vorherigen Zustimmung. Nichtsdestotrotz kann im Rahmen des Zitatrechts aus unseren Inhalten zitiert werden, wenn gleichzeitig ein Link auf den vollst\u00e4ndigen Text auf unserer Webseite gesetzt und unsere Seite sowie (wenn angegeben) der Autor des Textes genannt wird. F\u00fcr den privaten Gebrauch k\u00f6nnen Kopien von unseren Werken angefertigt werden, z.B. durch Ausdruck oder Download auf ein lokales Speichermedium. Eine Ver\u00f6ffentlichung im Internet ist ausdr\u00fccklich keine private Nutzung.<br>Sofern Inhalte auf unserer Webseite freie Inhalte im Sinne der Creative Commons sind, sind diese Inhalte entsprechend gekennzeichnet und unterliegen der Creative Commons Namensnennung-Weitergabe unter gleichen Bedingungen 3.0 Deutschland Lizenz.&nbsp;<a href=\"http:\/\/creativecommons.org\/licenses\/by-sa\/3.0\/de\/\">http:\/\/creativecommons.org\/licenses\/by-sa\/3.0\/de\/<\/a><br>Links auf unsere Webseite und Unterseiten (so genannte Deep Links) sind jederzeit und ohne vorherige Einwilligung m\u00f6glich.<\/p>\n\n\n\n<h3 class=\"wp-block-heading\">Wir mahnen nicht ab ohne vorherigen Kontakt<\/h3>\n\n\n\n<p>Wir mahnen Webseiten, mit denen wir im Wettbewerb stehen oder die unsere Rechte verletzen, nicht ab, ohne diese vorher auf die Rechtswidrigkeit hingewiesen und ihnen insoweit M\u00f6glichkeit zur Beseitigung der Rechtswidrigkeit gegeben zu haben. Gleichzeitig bitten wir um Hinweise und vorherigen Kontakt ohne Kostennote und Abmahnung an uns, sollten Inhalte unserer Webseite gegen geltendes Recht versto\u00dfen oder Rechte Dritter verletzen. Wir sind stets um die Rechtm\u00e4\u00dfigkeit unserer Webseite bem\u00fcht. Wir werden die beanstandeten Inhalte unverz\u00fcglich \u00fcberpr\u00fcfen und in angemessener Frist die Rechtswidrigkeit beseitigen bzw. anpassen. Wir wissen, dass uns diese Passage nicht vor rechtm\u00e4\u00dfigen Abmahnungen sch\u00fctzt.<\/p>\n\n\n\n<h3 class=\"wp-block-heading\">Verantwortung f\u00fcr Links<\/h3>\n\n\n\n<p>Auf der Webseite befinden sich Links zu Internetseiten von Dritten, so genannte externe Links. Zum Zeitpunkt der Verlinkung wurde die jeweilige Webseite auf Vereinbarkeit mit deutschem Recht \u00fcberpr\u00fcft. Verst\u00f6\u00dfe gegen geltendes Recht wurden nicht festgestellt. Bei den verlinkten Webseiten handelt es sich um Inhalte Dritter, f\u00fcr die wir nicht verantwortlich sind, eine regelm\u00e4\u00dfige \u00dcberpr\u00fcfung der verlinkten Webseiten auf Rechtm\u00e4\u00dfigkeit k\u00f6nnen wir ausdr\u00fccklich nicht leisten. Wenn wir positive Kenntnis von rechtswidrigen Inhalten auf verlinkten Webseiten erhalten, werden wir die Links unverz\u00fcglich entfernen.<\/p>\n","protected":false},"excerpt":{"rendered":"<p>Betreiber der Website Matthias WittorKr\u00e4henweg 1371120 GrafenauKontakt Haftungsausschluss Der Inhalt dieser Webseite wurde mit gr\u00f6\u00dfter Sorgfalt, nach bestem Wissen und Gewissen erstellt. Als Anbieter dieser Webseite \u00fcbernehmen wir keine Haftung f\u00fcr Vollst\u00e4ndigkeit, Richtigkeit, Aktualit\u00e4t oder Verl\u00e4sslichkeit der bereitgestellten Inhalte. Wir stellen die Inhalte auf der Webseite zum Abruf bereit. F\u00fcr die Brauchbarkeit der Inhalte \u00fcbernehmen [&hellip;]<\/p>\n","protected":false},"author":1,"featured_media":0,"parent":0,"menu_order":0,"comment_status":"closed","ping_status":"closed","template":"","meta":{"ngg_post_thumbnail":0,"footnotes":""},"class_list":["post-178","page","type-page","status-publish","hentry"],"_links":{"self":[{"href":"https:\/\/wittor.net\/index.php\/wp-json\/wp\/v2\/pages\/178","targetHints":{"allow":["GET"]}}],"collection":[{"href":"https:\/\/wittor.net\/index.php\/wp-json\/wp\/v2\/pages"}],"about":[{"href":"https:\/\/wittor.net\/index.php\/wp-json\/wp\/v2\/types\/page"}],"author":[{"embeddable":true,"href":"https:\/\/wittor.net\/index.php\/wp-json\/wp\/v2\/users\/1"}],"replies":[{"embeddable":true,"href":"https:\/\/wittor.net\/index.php\/wp-json\/wp\/v2\/comments?post=178"}],"version-history":[{"count":2,"href":"https:\/\/wittor.net\/index.php\/wp-json\/wp\/v2\/pages\/178\/revisions"}],"predecessor-version":[{"id":180,"href":"https:\/\/wittor.net\/index.php\/wp-json\/wp\/v2\/pages\/178\/revisions\/180"}],"wp:attachment":[{"href":"https:\/\/wittor.net\/index.php\/wp-json\/wp\/v2\/media?parent=178"}],"curies":[{"name":"wp","href":"https:\/\/api.w.org\/{rel}","templated":true}]}}